{"id":281,"date":"2019-09-10T10:15:34","date_gmt":"2019-09-10T10:15:34","guid":{"rendered":"https:\/\/transolelas.pt\/?page_id=281"},"modified":"2022-03-07T16:35:04","modified_gmt":"2022-03-07T16:35:04","slug":"mobiliario-urbano","status":"publish","type":"page","link":"https:\/\/transolelas.pt\/?page_id=281","title":{"rendered":"Mobili\u00e1rio Urbano"},"content":{"rendered":"<p>[et_pb_section fb_built=&#8221;1&#8243; _builder_version=&#8221;3.27.4&#8243; custom_margin=&#8221;0px|0px|0px|0px|false|false&#8221; custom_padding=&#8221;0px|0px|0px|0px|false|false&#8221; global_colors_info=&#8221;{}&#8221;][et_pb_row _builder_version=&#8221;3.27.4&#8243; width=&#8221;100%&#8221; max_width=&#8221;2560px&#8221; custom_margin=&#8221;0px|0px|0px|0px|false|false&#8221; custom_padding=&#8221;0px|0px|0px|0px|false|false&#8221; global_colors_info=&#8221;{}&#8221;][et_pb_column type=&#8221;4_4&#8243; _builder_version=&#8221;3.27.4&#8243; global_colors_info=&#8221;{}&#8221;][et_pb_slider _builder_version=&#8221;3.27.4&#8243; custom_margin=&#8221;0px|0px|0px|0px|false|false&#8221; global_colors_info=&#8221;{}&#8221;][et_pb_slide heading=&#8221;Mobili\u00e1rio Urbano&#8221; _builder_version=&#8221;3.27.4&#8243; header_font=&#8221;|800|||||||&#8221; background_enable_color=&#8221;off&#8221; background_image=&#8221;https:\/\/transolelas.pt\/wp-content\/uploads\/2019\/09\/Banner_Zmar.jpg&#8221; background_enable_image=&#8221;on&#8221; header_text_shadow_style=&#8221;preset1&#8243; global_colors_info=&#8221;{}&#8221; sticky_transition=&#8221;on&#8221;]<\/p>\n<p>Mobili\u00e1rio urbano feito a partir de pl\u00e1sticos 100% reciclados<\/p>\n<p>[\/et_pb_slide][et_pb_slide heading=&#8221;Mobili\u00e1rio Urbano&#8221; _builder_version=&#8221;3.27.4&#8243; header_font=&#8221;|800|||||||&#8221; background_enable_color=&#8221;off&#8221; background_image=&#8221;https:\/\/transolelas.pt\/wp-content\/uploads\/2019\/09\/banner_pedonal_extruplas.jpg&#8221; background_enable_image=&#8221;on&#8221; header_text_shadow_style=&#8221;preset1&#8243; global_colors_info=&#8221;{}&#8221; sticky_transition=&#8221;on&#8221;]<\/p>\n<p>Mobili\u00e1rio urbano feito a partir de pl\u00e1sticos 100% reciclados<\/p>\n<p>[\/et_pb_slide][\/et_pb_slider][\/et_pb_column][\/et_pb_row][\/et_pb_section][et_pb_section fb_built=&#8221;1&#8243; _builder_version=&#8221;3.27.4&#8243; background_color=&#8221;#f5f5f5&#8243; global_colors_info=&#8221;{}&#8221;][et_pb_row _builder_version=&#8221;3.27.4&#8243; global_colors_info=&#8221;{}&#8221;][et_pb_column type=&#8221;4_4&#8243; _builder_version=&#8221;3.27.4&#8243; global_colors_info=&#8221;{}&#8221;][et_pb_image src=&#8221;https:\/\/transolelas.pt\/wp-content\/uploads\/2019\/09\/icones.png&#8221; _builder_version=&#8221;3.27.4&#8243; global_colors_info=&#8221;{}&#8221;][\/et_pb_image][\/et_pb_column][\/et_pb_row][\/et_pb_section][et_pb_section fb_built=&#8221;1&#8243; _builder_version=&#8221;3.27.4&#8243; global_colors_info=&#8221;{}&#8221;][et_pb_row _builder_version=&#8221;3.27.4&#8243; hover_enabled=&#8221;0&#8243; global_colors_info=&#8221;{}&#8221; sticky_enabled=&#8221;0&#8243;][et_pb_column type=&#8221;4_4&#8243; _builder_version=&#8221;3.27.4&#8243; global_colors_info=&#8221;{}&#8221;][et_pb_gallery gallery_ids=&#8221;403,392,391,388,386,375,371,346,347,351,353,354,355,345,334,344,343,333,331,342,332,330,340,329,328,338,337,325,324,319,318,317,306,308,307,310,311,312,313,314,305,304,294,293,292,303,301,290,291,300,299,298&#8243; posts_number=&#8221;24&#8243; _builder_version=&#8221;4.14.1&#8243; hover_enabled=&#8221;0&#8243; global_colors_info=&#8221;{}&#8221; sticky_enabled=&#8221;0&#8243;][\/et_pb_gallery][\/et_pb_column][\/et_pb_row][\/et_pb_section][et_pb_section fb_built=&#8221;1&#8243; _builder_version=&#8221;3.27.4&#8243; global_colors_info=&#8221;{}&#8221;][et_pb_row use_custom_gutter=&#8221;on&#8221; gutter_width=&#8221;1&#8243; _builder_version=&#8221;3.27.4&#8243; width=&#8221;100%&#8221; max_width=&#8221;2560px&#8221; custom_margin=&#8221;0px|0px|0px|0px|false|false&#8221; custom_padding=&#8221;0px|0px|1px|0px|false|false&#8221; global_colors_info=&#8221;{}&#8221;][et_pb_column type=&#8221;4_4&#8243; _builder_version=&#8221;3.27.4&#8243; global_colors_info=&#8221;{}&#8221;][et_pb_gallery gallery_ids=&#8221;405,404,402,401,400,399,398,397,396,395,394,393,390,389,387,385,384,383,382,381,380,379,378,377,376,374,373,364,365,367,366,368,369,370,372,362,363,361,360,359,358,357,356,348,349,350,352,336,335,327,326,323,322,321,316,315,309,302,295,289,288,286,285&#8243; posts_number=&#8221;24&#8243; show_title_and_caption=&#8221;off&#8221; show_pagination=&#8221;off&#8221; _builder_version=&#8221;3.27.4&#8243; global_colors_info=&#8221;{}&#8221;][\/et_pb_gallery][\/et_pb_column][\/et_pb_row][\/et_pb_section]<\/p>\n","protected":false},"excerpt":{"rendered":"<p>Mobili\u00e1rio urbano feito a partir de pl\u00e1sticos 100% recicladosMobili\u00e1rio urbano feito a partir de pl\u00e1sticos 100% reciclados<\/p>\n","protected":false},"author":1,"featured_media":0,"parent":0,"menu_order":0,"comment_status":"closed","ping_status":"closed","template":"","meta":{"_et_pb_use_builder":"on","_et_pb_old_content":"","_et_gb_content_width":"","footnotes":""},"_links":{"self":[{"href":"https:\/\/transolelas.pt\/index.php?rest_route=\/wp\/v2\/pages\/281"}],"collection":[{"href":"https:\/\/transolelas.pt\/index.php?rest_route=\/wp\/v2\/pages"}],"about":[{"href":"https:\/\/transolelas.pt\/index.php?rest_route=\/wp\/v2\/types\/page"}],"author":[{"embeddable":true,"href":"https:\/\/transolelas.pt\/index.php?rest_route=\/wp\/v2\/users\/1"}],"replies":[{"embeddable":true,"href":"https:\/\/transolelas.pt\/index.php?rest_route=%2Fwp%2Fv2%2Fcomments&post=281"}],"version-history":[{"count":18,"href":"https:\/\/transolelas.pt\/index.php?rest_route=\/wp\/v2\/pages\/281\/revisions"}],"predecessor-version":[{"id":1914,"href":"https:\/\/transolelas.pt\/index.php?rest_route=\/wp\/v2\/pages\/281\/revisions\/1914"}],"wp:attachment":[{"href":"https:\/\/transolelas.pt\/index.php?rest_route=%2Fwp%2Fv2%2Fmedia&parent=281"}],"curies":[{"name":"wp","href":"https:\/\/api.w.org\/{rel}","templated":true}]}}